{"id":1466,"date":"2025-07-09T14:18:40","date_gmt":"2025-07-09T11:18:40","guid":{"rendered":"https:\/\/indagra.ro\/?page_id=1466"},"modified":"2026-03-25T14:47:31","modified_gmt":"2026-03-25T12:47:31","slug":"info-vizitatori","status":"publish","type":"page","link":"https:\/\/indagra.ro\/en\/info-vizitatori\/","title":{"rendered":"Vistors info"},"content":{"rendered":"<div class=\"wpb-content-wrapper\"><div class=\"vc_row wpb_row vc_row-fluid vc_custom_1561964015799 vc_row-o-equal-height vc_row-o-content-middle vc_row-flex\"><div class=\"wpb_column vc_column_container vc_col-sm-6\"><div class=\"vc_column-inner vc_custom_1561963982378\"><div class=\"wpb_wrapper\"><div id=\"ultimate-heading-110969f0a0dbb3708\" class=\"uvc-heading ult-adjust-bottom-margin ultimate-heading-110969f0a0dbb3708 uvc-2447  uvc-heading-default-font-sizes\" data-hspacer=\"no_spacer\"  data-halign=\"left\" style=\"text-align:left\"><div class=\"uvc-heading-spacer no_spacer\" style=\"top\"><\/div><div class=\"uvc-sub-heading ult-responsive\"  data-ultimate-target='.uvc-heading.ultimate-heading-110969f0a0dbb3708 .uvc-sub-heading '  data-responsive-json-new='{\"font-size\":\"\",\"line-height\":\"\"}'  style=\"font-weight:normal;\"><\/p>\n<p style=\"text-align: justify;\">INDAGRA is the most important fair dedicated to agriculture, horticulture, viticulture and animal husbandry in Romania. The event offers an excellent opportunity to showcase the latest technologies, equipment and innovative solutions aimed at developing the agricultural sector. At INDAGRA, participants can interact directly with business partners, promote their products and conclude valuable collaborations in a professional setting. Through this landmark event, ROMEXPO supports progress and innovation in Romanian agriculture, facilitating relevant connections at national and international level.<\/p>\n<p><\/div><\/div><\/div><\/div><\/div><div class=\"wpb_column vc_column_container vc_col-sm-6\"><div class=\"vc_column-inner\"><div class=\"wpb_wrapper\">\n\t<div  class=\"wpb_single_image wpb_content_element vc_align_left  vc_custom_1753277133047\">\n\t\t\n\t\t<figure class=\"wpb_wrapper vc_figure\">\n\t\t\t<div class=\"vc_single_image-wrapper   vc_box_border_grey\"><img loading=\"lazy\" decoding=\"async\" width=\"2560\" height=\"1990\" src=\"https:\/\/indagra.ro\/wp-content\/uploads\/2025\/07\/IMG-20250722-WA0004-scaled.jpg\" class=\"vc_single_image-img attachment-full\" alt=\"\" title=\"IMG-20250722-WA0004\" srcset=\"https:\/\/indagra.ro\/wp-content\/uploads\/2025\/07\/IMG-20250722-WA0004-scaled.jpg 2560w, https:\/\/indagra.ro\/wp-content\/uploads\/2025\/07\/IMG-20250722-WA0004-300x233.jpg 300w, https:\/\/indagra.ro\/wp-content\/uploads\/2025\/07\/IMG-20250722-WA0004-1024x796.jpg 1024w, https:\/\/indagra.ro\/wp-content\/uploads\/2025\/07\/IMG-20250722-WA0004-768x597.jpg 768w, https:\/\/indagra.ro\/wp-content\/uploads\/2025\/07\/IMG-20250722-WA0004-1536x1194.jpg 1536w, https:\/\/indagra.ro\/wp-content\/uploads\/2025\/07\/IMG-20250722-WA0004-2048x1592.jpg 2048w, https:\/\/indagra.ro\/wp-content\/uploads\/2025\/07\/IMG-20250722-WA0004-15x12.jpg 15w\" sizes=\"auto, (max-width: 2560px) 100vw, 2560px\"  data-dt-location=\"https:\/\/indagra.ro\/en\/info-vizitatori\/img-20250722-wa0004\/\" \/><\/div>\n\t\t<\/figure>\n\t<\/div>\n<\/div><\/div><\/div><\/div><div class=\"vc_row wpb_row vc_row-fluid vc_custom_1561964153013 vc_row-o-equal-height vc_row-o-content-middle vc_row-flex\"><div class=\"wpb_column vc_column_container vc_col-sm-6\"><div class=\"vc_column-inner\"><div class=\"wpb_wrapper\">\n\t<div  class=\"wpb_single_image wpb_content_element vc_align_left  vc_custom_1753277148505\">\n\t\t\n\t\t<figure class=\"wpb_wrapper vc_figure\">\n\t\t\t<div class=\"vc_single_image-wrapper   vc_box_border_grey\"><img loading=\"lazy\" decoding=\"async\" width=\"2560\" height=\"1920\" src=\"https:\/\/indagra.ro\/wp-content\/uploads\/2025\/07\/IMG-20250722-WA0006-scaled.jpg\" class=\"vc_single_image-img attachment-full\" alt=\"\" title=\"IMG-20250722-WA0006\" srcset=\"https:\/\/indagra.ro\/wp-content\/uploads\/2025\/07\/IMG-20250722-WA0006-scaled.jpg 2560w, https:\/\/indagra.ro\/wp-content\/uploads\/2025\/07\/IMG-20250722-WA0006-300x225.jpg 300w, https:\/\/indagra.ro\/wp-content\/uploads\/2025\/07\/IMG-20250722-WA0006-1024x768.jpg 1024w, https:\/\/indagra.ro\/wp-content\/uploads\/2025\/07\/IMG-20250722-WA0006-768x576.jpg 768w, https:\/\/indagra.ro\/wp-content\/uploads\/2025\/07\/IMG-20250722-WA0006-1536x1152.jpg 1536w, https:\/\/indagra.ro\/wp-content\/uploads\/2025\/07\/IMG-20250722-WA0006-2048x1536.jpg 2048w, https:\/\/indagra.ro\/wp-content\/uploads\/2025\/07\/IMG-20250722-WA0006-16x12.jpg 16w\" sizes=\"auto, (max-width: 2560px) 100vw, 2560px\"  data-dt-location=\"https:\/\/indagra.ro\/en\/info-vizitatori\/img-20250722-wa0006\/\" \/><\/div>\n\t\t<\/figure>\n\t<\/div>\n<\/div><\/div><\/div><div class=\"wpb_column vc_column_container vc_col-sm-6\"><div class=\"vc_column-inner vc_custom_1562003166274\"><div class=\"wpb_wrapper\"><div id=\"ultimate-heading-304269f0a0dbb502e\" class=\"uvc-heading ult-adjust-bottom-margin ultimate-heading-304269f0a0dbb502e uvc-9178  uvc-heading-default-font-sizes\" data-hspacer=\"no_spacer\"  data-halign=\"left\" style=\"text-align:left\"><div class=\"uvc-heading-spacer no_spacer\" style=\"top\"><\/div><div class=\"uvc-sub-heading ult-responsive\"  data-ultimate-target='.uvc-heading.ultimate-heading-304269f0a0dbb502e .uvc-sub-heading '  data-responsive-json-new='{\"font-size\":\"\",\"line-height\":\"\"}'  style=\"font-weight:normal;\">28 octombrie \u2013 31 noiembrie 2026 ( miercuri \u2013 s\u00e2mb\u0103t\u0103) interval orar 9:00 \u2013 18:00<\/p>\n<p>1 noiembrie 2026 ( duminic\u0103 ), interval orar 9:00 \u2013 16:00<\/p>\n<p>Pedestrian access: Gates A and B<\/p>\n<p>Bilet intrare: 30 lei\/zi<\/p>\n<p>Car access: Parking B and C<\/p>\n<p>Tarif parcare: 10 lei\/ora<\/p>\n<p>Hall B2<\/div><\/div><\/div><\/div><\/div><\/div>\n<\/div>","protected":false},"excerpt":{"rendered":"<p>INDAGRA reprezint\u0103 cel mai important t\u00e2rg dedicat agriculturii, horticulturii, viticulturii \u0219i zootehniei din Rom\u00e2nia. Evenimentul ofer\u0103 o oportunitate excelent\u0103 pentru expunerea celor mai noi tehnologii, echipamente \u0219i solu\u021bii inovatoare destinate dezvolt\u0103rii sectorului agricol. La INDAGRA, participan\u021bii pot interac\u021biona direct cu parteneri de afaceri, \u00ee\u0219i pot promova produsele \u0219i pot \u00eencheia colabor\u0103ri valoroase \u00eentr-un cadru profesionist.&hellip;<\/p>","protected":false},"author":1,"featured_media":0,"parent":0,"menu_order":0,"comment_status":"closed","ping_status":"closed","template":"","meta":{"_monsterinsights_skip_tracking":false,"_monsterinsights_sitenote_active":false,"_monsterinsights_sitenote_note":"","_monsterinsights_sitenote_category":0,"_uf_show_specific_survey":0,"_uf_disable_surveys":false,"footnotes":""},"class_list":["post-1466","page","type-page","status-publish","hentry","description-off"],"aioseo_notices":[],"jetpack_sharing_enabled":true,"_links":{"self":[{"href":"https:\/\/indagra.ro\/en\/wp-json\/wp\/v2\/pages\/1466","targetHints":{"allow":["GET"]}}],"collection":[{"href":"https:\/\/indagra.ro\/en\/wp-json\/wp\/v2\/pages"}],"about":[{"href":"https:\/\/indagra.ro\/en\/wp-json\/wp\/v2\/types\/page"}],"author":[{"embeddable":true,"href":"https:\/\/indagra.ro\/en\/wp-json\/wp\/v2\/users\/1"}],"replies":[{"embeddable":true,"href":"https:\/\/indagra.ro\/en\/wp-json\/wp\/v2\/comments?post=1466"}],"version-history":[{"count":6,"href":"https:\/\/indagra.ro\/en\/wp-json\/wp\/v2\/pages\/1466\/revisions"}],"predecessor-version":[{"id":1728,"href":"https:\/\/indagra.ro\/en\/wp-json\/wp\/v2\/pages\/1466\/revisions\/1728"}],"wp:attachment":[{"href":"https:\/\/indagra.ro\/en\/wp-json\/wp\/v2\/media?parent=1466"}],"curies":[{"name":"wp","href":"https:\/\/api.w.org\/{rel}","templated":true}]}}