{"id":1459,"date":"2018-11-06T10:34:45","date_gmt":"2018-11-06T10:34:45","guid":{"rendered":"https:\/\/indagra.ro\/about\/"},"modified":"2025-12-18T08:08:15","modified_gmt":"2025-12-18T06:08:15","slug":"info-expozanti","status":"publish","type":"page","link":"https:\/\/indagra.ro\/en\/info-expozanti\/","title":{"rendered":"Exhibitor info"},"content":{"rendered":"<div class=\"wpb-content-wrapper\"><div class=\"vc_row wpb_row vc_row-fluid vc_custom_1561964015799 vc_row-o-equal-height vc_row-o-content-middle vc_row-flex\"><div class=\"wpb_column vc_column_container vc_col-sm-6\"><div class=\"vc_column-inner vc_custom_1561963982378\"><div class=\"wpb_wrapper\"><div id=\"ultimate-heading-569969f09f80dcfd0\" class=\"uvc-heading ult-adjust-bottom-margin ultimate-heading-569969f09f80dcfd0 uvc-6260  uvc-heading-default-font-sizes\" data-hspacer=\"no_spacer\"  data-halign=\"left\" style=\"text-align:left\"><div class=\"uvc-heading-spacer no_spacer\" style=\"top\"><\/div><div class=\"uvc-sub-heading ult-responsive\"  data-ultimate-target='.uvc-heading.ultimate-heading-569969f09f80dcfd0 .uvc-sub-heading '  data-responsive-json-new='{\"font-size\":\"\",\"line-height\":\"\"}'  style=\"font-weight:normal;\"><\/p>\n<p style=\"text-align: justify;\">In Hall B2 and on the outdoor platforms, INDAGRA showcases the latest trends in agriculture, viticulture, horticulture, and animal husbandry, bringing together industry companies from Romania and abroad. The event offers an ideal setting for establishing business partnerships, meeting with current and potential clients, as well as with industry opinion leaders, in a professional environment focused on business dialogue. By organizing INDAGRA, Romexpo and its partners support and promote the Romanian business environment, fostering the growth of companies and the implementation of their development strategies.<\/p>\n<p><\/div><\/div><\/div><\/div><\/div><div class=\"wpb_column vc_column_container vc_col-sm-6\"><div class=\"vc_column-inner\"><div class=\"wpb_wrapper\">\n\t<div  class=\"wpb_single_image wpb_content_element vc_align_left  vc_custom_1752057850726\">\n\t\t\n\t\t<figure class=\"wpb_wrapper vc_figure\">\n\t\t\t<div class=\"vc_single_image-wrapper   vc_box_border_grey\"><img loading=\"lazy\" decoding=\"async\" width=\"2048\" height=\"1536\" src=\"https:\/\/indagra.ro\/wp-content\/uploads\/2025\/07\/facebook_1752056667883_7348658290328866039.jpg\" class=\"vc_single_image-img attachment-full\" alt=\"\" title=\"facebook_1752056667883_7348658290328866039\" srcset=\"https:\/\/indagra.ro\/wp-content\/uploads\/2025\/07\/facebook_1752056667883_7348658290328866039.jpg 2048w, https:\/\/indagra.ro\/wp-content\/uploads\/2025\/07\/facebook_1752056667883_7348658290328866039-300x225.jpg 300w, https:\/\/indagra.ro\/wp-content\/uploads\/2025\/07\/facebook_1752056667883_7348658290328866039-1024x768.jpg 1024w, https:\/\/indagra.ro\/wp-content\/uploads\/2025\/07\/facebook_1752056667883_7348658290328866039-768x576.jpg 768w, https:\/\/indagra.ro\/wp-content\/uploads\/2025\/07\/facebook_1752056667883_7348658290328866039-1536x1152.jpg 1536w\" sizes=\"auto, (max-width: 2048px) 100vw, 2048px\"  data-dt-location=\"https:\/\/indagra.ro\/en\/facebook_1752056667883_7348658290328866039\/\" \/><\/div>\n\t\t<\/figure>\n\t<\/div>\n<\/div><\/div><\/div><\/div><div class=\"vc_row wpb_row vc_row-fluid vc_custom_1561964153013 vc_row-o-equal-height vc_row-o-content-middle vc_row-flex\"><div class=\"wpb_column vc_column_container vc_col-sm-6\"><div class=\"vc_column-inner\"><div class=\"wpb_wrapper\">\n\t<div  class=\"wpb_single_image wpb_content_element vc_align_left  vc_custom_1752058071434\">\n\t\t\n\t\t<figure class=\"wpb_wrapper vc_figure\">\n\t\t\t<div class=\"vc_single_image-wrapper   vc_box_border_grey\"><img loading=\"lazy\" decoding=\"async\" width=\"2048\" height=\"1536\" src=\"https:\/\/indagra.ro\/wp-content\/uploads\/2025\/07\/facebook_1752056628874_7348658126714261201.jpg\" class=\"vc_single_image-img attachment-full\" alt=\"\" title=\"facebook_1752056628874_7348658126714261201\" srcset=\"https:\/\/indagra.ro\/wp-content\/uploads\/2025\/07\/facebook_1752056628874_7348658126714261201.jpg 2048w, https:\/\/indagra.ro\/wp-content\/uploads\/2025\/07\/facebook_1752056628874_7348658126714261201-300x225.jpg 300w, https:\/\/indagra.ro\/wp-content\/uploads\/2025\/07\/facebook_1752056628874_7348658126714261201-1024x768.jpg 1024w, https:\/\/indagra.ro\/wp-content\/uploads\/2025\/07\/facebook_1752056628874_7348658126714261201-768x576.jpg 768w, https:\/\/indagra.ro\/wp-content\/uploads\/2025\/07\/facebook_1752056628874_7348658126714261201-1536x1152.jpg 1536w\" sizes=\"auto, (max-width: 2048px) 100vw, 2048px\"  data-dt-location=\"https:\/\/indagra.ro\/en\/facebook_1752056628874_7348658126714261201\/\" \/><\/div>\n\t\t<\/figure>\n\t<\/div>\n<\/div><\/div><\/div><div class=\"wpb_column vc_column_container vc_col-sm-6\"><div class=\"vc_column-inner vc_custom_1562003166274\"><div class=\"wpb_wrapper\"><div id=\"ultimate-heading-402869f09f80de1fb\" class=\"uvc-heading ult-adjust-bottom-margin ultimate-heading-402869f09f80de1fb uvc-2887  uvc-heading-default-font-sizes\" data-hspacer=\"no_spacer\"  data-halign=\"left\" style=\"text-align:left\"><div class=\"uvc-heading-spacer no_spacer\" style=\"top\"><\/div><div class=\"uvc-sub-heading ult-responsive\"  data-ultimate-target='.uvc-heading.ultimate-heading-402869f09f80de1fb .uvc-sub-heading '  data-responsive-json-new='{\"font-size\":\"\",\"line-height\":\"\"}'  style=\"font-weight:normal;\"><\/p>\n<div id=\"ultimate-heading-79936851565b7f54e\" class=\"uvc-heading ult-adjust-bottom-margin ultimate-heading-79936851565b7f54e uvc-2211 color-title accent-title-color\" data-hspacer=\"no_spacer\" data-halign=\"left\">\n<div class=\"uvc-main-heading ult-responsive\" data-ultimate-target=\".uvc-heading.ultimate-heading-79936851565b7f54e h2\" data-responsive-json-new=\"{&quot;font-size&quot;:&quot;desktop:15px;&quot;,&quot;line-height&quot;:&quot;desktop:26px;&quot;}\">\n<h2>Arrangement period:<\/h2>\n<\/div>\n<\/div>\n<div class=\"standard-arrow bullet-top\">\n<ul>\n<li>Pentru firmele care construiesc standurile \u00een regim propriu sau cu firm\u0103 ter\u021b\u0103: 21 \u2013 27.10.2026, interval orar 08:00 \u2013 20:00<\/li>\n<li>Pentru firmele care construiesc standurile cu Romexpo: 26 \u2013 27.10.2025, interval orar 08:00 \u2013 20:00<\/li>\n<\/ul>\n<\/div>\n<div id=\"ultimate-heading-23216851565b7f5ef\" class=\"uvc-heading ult-adjust-bottom-margin ultimate-heading-23216851565b7f5ef uvc-5809 color-title accent-title-color\" data-hspacer=\"no_spacer\" data-halign=\"left\">\n<div class=\"uvc-main-heading ult-responsive\" data-ultimate-target=\".uvc-heading.ultimate-heading-23216851565b7f5ef h2\" data-responsive-json-new=\"{&quot;font-size&quot;:&quot;desktop:15px;&quot;,&quot;line-height&quot;:&quot;desktop:26px;&quot;}\">\n<h2>Decommissioning period:<\/h2>\n<\/div>\n<\/div>\n<div class=\"standard-arrow bullet-top\">\n<ul>\n<li>01.11.2026, interval orar 16:00 \u2013 20:00 ( acces Bulevardul Poligrafiei, 2, Poarta E-Romexpo, Pavilion B2 )<\/li>\n<li>02 \u2013 03.11.2026, interval orar 08:00 \u2013 20:00 ( acces Bulevardul Poligrafiei, 2, Poarta E-Romexpo, Pavilion B2 )<\/li>\n<\/ul>\n<\/div>\n<p><\/div><\/div><\/div><\/div><\/div><\/div>\n<\/div>","protected":false},"excerpt":{"rendered":"<p>\u00cen Pavilionul B2 \u0219i pe platformele exterioare, INDAGRA aduce \u00een prim-plan cele mai recente tendin\u021be din agricultur\u0103, viticultur\u0103, horticultur\u0103 \u0219i zootehnie, reunind companii de profil din Rom\u00e2nia \u0219i din str\u0103in\u0103tate. Evenimentul creeaz\u0103 un cadru ideal pentru stabilirea de parteneriate de afaceri, pentru \u00eent\u00e2lniri cu clien\u021bi actuali \u0219i poten\u021biali, precum \u0219i cu lideri de opinie din&hellip;<\/p>","protected":false},"author":1,"featured_media":0,"parent":0,"menu_order":0,"comment_status":"closed","ping_status":"closed","template":"","meta":{"_monsterinsights_skip_tracking":false,"_monsterinsights_sitenote_active":false,"_monsterinsights_sitenote_note":"","_monsterinsights_sitenote_category":0,"_uf_show_specific_survey":0,"_uf_disable_surveys":false,"footnotes":""},"class_list":["post-1459","page","type-page","status-publish","hentry","description-off"],"aioseo_notices":[],"jetpack_sharing_enabled":true,"_links":{"self":[{"href":"https:\/\/indagra.ro\/en\/wp-json\/wp\/v2\/pages\/1459","targetHints":{"allow":["GET"]}}],"collection":[{"href":"https:\/\/indagra.ro\/en\/wp-json\/wp\/v2\/pages"}],"about":[{"href":"https:\/\/indagra.ro\/en\/wp-json\/wp\/v2\/types\/page"}],"author":[{"embeddable":true,"href":"https:\/\/indagra.ro\/en\/wp-json\/wp\/v2\/users\/1"}],"replies":[{"embeddable":true,"href":"https:\/\/indagra.ro\/en\/wp-json\/wp\/v2\/comments?post=1459"}],"version-history":[{"count":8,"href":"https:\/\/indagra.ro\/en\/wp-json\/wp\/v2\/pages\/1459\/revisions"}],"predecessor-version":[{"id":1711,"href":"https:\/\/indagra.ro\/en\/wp-json\/wp\/v2\/pages\/1459\/revisions\/1711"}],"wp:attachment":[{"href":"https:\/\/indagra.ro\/en\/wp-json\/wp\/v2\/media?parent=1459"}],"curies":[{"name":"wp","href":"https:\/\/api.w.org\/{rel}","templated":true}]}}